{"id":11,"date":"2025-06-10T11:30:54","date_gmt":"2025-06-10T09:30:54","guid":{"rendered":"http:\/\/new.mepinformatica.it\/?page_id=11"},"modified":"2025-09-08T10:41:30","modified_gmt":"2025-09-08T08:41:30","slug":"prodotti","status":"publish","type":"page","link":"https:\/\/www.mepinformatica.it\/?page_id=11","title":{"rendered":"Prodotti"},"content":{"rendered":"<h1>Prodotti<\/h1>\n<h2>Settore <br \/>\n<span class=\"uk-heading-divider uk-display-inline-block\">MICE<\/span><\/h2>\n<p><img decoding=\"async\" src=\"\/wp-content\/uploads\/2025\/09\/ChatGPT-Image-8-set-2025-10_13_18.png\" alt=\"\"><\/p>\n<div>\n<h3>Dalla progettazione alla logistica di ogni evento<\/h3>\n<div>\n<div uk-grid>\n<div class=\"uk-width-2-3@m\">\n<p>MICE Suite \u00e8 la piattaforma pensata e calzata sul comparto, la pi\u00f9 completa e performante. Permette al PCO di seguire ogni attivit\u00e0 dalla progettazione economico finanziaria, sino alla singola attivit\u00e0 logistica.<\/p>\n<\/p><\/div>\n<div class=\"uk-width-1-3@m\">\n<ul class=\"uk-list uk-list-bullet uk-margin-bottom\">\n<li>Budgeting e Preventivazione<\/li>\n<li>Comunicazione<\/li>\n<li>Iscrizioni online\/offline<\/li>\n<li>Segreteria in evento<\/li>\n<\/ul><\/div>\n<\/div>\n<\/div>\n<p><a href=\"https:\/\/www.micesuite.it\">Scopri MICE Suite<\/a><\/p>\n<\/div>\n<h2>Backup &#038;<br \/><span class=\"uk-heading-divider uk-display-inline-block\">DR<\/span><\/h2>\n<p><img decoding=\"async\" src=\"\/wp-content\/uploads\/2025\/09\/ChatGPT-Image-8-set-2025-10_24_14.png\" alt=\"\"><\/p>\n<div>\n<h3>Offriamo sicurezza e consolidamento<\/h3>\n<div>\n<div uk-grid>\n<div class=\"uk-width-2-3@m\">\n<p>Continuit\u00e0 garantita: i tuoi dati restano al sicuro sempre, ovunque.<br \/>\nBackup immutabili, replicati e verificati: zero sorprese, solo ripartenza rapida.<br \/>\nStrategia 3-2-1-1-0, cifratura end-to-end, controlli su ripristini critici, sempre tracciati.<br \/>\nRPO e RTO definiti, testati e documentati, senza compromessi operativi.<br \/>\nMonitoraggio proattivo h24 e alert: interveniamo prima del problema, sempre.<br \/>\nDal laptop al data center, riparti in minuti, non ore.<\/p>\n<\/p><\/div>\n<div class=\"uk-width-1-3@m\">\n<ul class=\"uk-list uk-list-bullet uk-margin-bottom\">\n<li>Veeam<\/li>\n<li>Aruba Business<\/li>\n<li>N-Able<\/li>\n<li>Soluzioni Ibride<\/li>\n<\/ul><\/div>\n<\/div>\n<\/div>\n<p><a href=\"#\">Scopri di pi\u00f9<\/a><\/p>\n<\/div>\n<p><img decoding=\"async\" src=\"\/wp-content\/uploads\/products-cta.svg\" alt=\"\"><\/p>\n<h2>Scelte tecniche fatte bene,<br \/><span class=\"uk-heading-divider uk-display-inline-block\">alla prima<\/span><\/h2>\n<div>Analisi, selezione prodotti e roadmap con risultati misurabili. Siamo qui per te e per affrontare insieme il tuo progetto.<\/div>\n<ul>\n<li>\n<p>\n        <a href=\"mailto:commerciale@mepinformatica.it\">Richiedi una consulenza<\/a>\n    <\/p>\n<\/li>\n<li>\n<p>\n        <a href=\"tel:+390105960277\">+39 010 5960 227<\/a>\n    <\/p>\n<\/li>\n<\/ul>\n<p><!--more--><br \/>\n<!-- {\"type\":\"layout\",\"children\":[{\"name\":\"Products\",\"type\":\"section\",\"props\":{\"image_position\":\"center-center\",\"padding\":\"xlarge\",\"padding_remove_bottom\":true,\"style\":\"default\",\"title_breakpoint\":\"xl\",\"title_position\":\"top-left\",\"title_rotation\":\"left\",\"vertical_align\":\"\",\"width\":\"large\"},\"children\":[{\"type\":\"row\",\"props\":{\"margin\":\"xlarge\"},\"children\":[{\"type\":\"column\",\"props\":{\"image_position\":\"center-center\",\"position_sticky_breakpoint\":\"m\",\"width_medium\":\"1-1\"},\"children\":[{\"type\":\"headline\",\"props\":{\"animation\":\"parallax\",\"content\":\"Prodotti\",\"parallax_breakpoint\":\"m\",\"parallax_easing\":\"1\",\"parallax_y\":\"0,50\",\"text_align\":\"center\",\"title_element\":\"h1\",\"title_style\":\"heading-xlarge\"}}]}]},{\"type\":\"row\",\"props\":{\"id\":\"landtransport\",\"layout\":\"1-3,2-3\"},\"children\":[{\"type\":\"column\",\"props\":{\"image_position\":\"center-center\",\"position_sticky_breakpoint\":\"m\",\"width_small\":\"1-3\"},\"children\":[{\"type\":\"headline\",\"props\":{\"animation\":\"parallax\",\"content\":\"Settore <br \/>\\n<span class=\\\"uk-heading-divider uk-display-inline-block\\\">MICE<\\\/span>\",\"css\":\"@media (min-width: 960px){\\n\\t.el-element { margin-top: 40px; }\\n}\",\"margin\":\"medium\",\"parallax_breakpoint\":\"m\",\"parallax_easing\":\"1\",\"parallax_y\":\"100,0\",\"title_element\":\"h2\",\"title_style\":\"heading-small\"}}]},{\"type\":\"column\",\"props\":{\"image_position\":\"center-center\",\"position_sticky_breakpoint\":\"m\",\"width_small\":\"2-3\"},\"children\":[{\"type\":\"image\",\"props\":{\"image\":\"wp-content\\\/uploads\\\/2025\\\/09\\\/ChatGPT-Image-8-set-2025-10_13_18.png\",\"image_loading\":true,\"image_svg_color\":\"emphasis\",\"image_width\":\"780\",\"margin\":\"\",\"text_align\":\"right\",\"visibility\":\"m\"}}]}]},{\"type\":\"row\",\"children\":[{\"type\":\"column\",\"props\":{\"css\":\"@media (min-width: 960px) {\\n    .el-column { margin-top: -25%; }\\n}\",\"image_position\":\"center-center\",\"position_sticky_breakpoint\":\"m\"},\"children\":[{\"type\":\"panel\",\"props\":{\"animation\":\"parallax\",\"content\":\"\n\n<div uk-grid>\\n\\t\n\n<div class=\\\"uk-width-2-3@m\\\">\\n\\t\\t\n\n<p>MICE Suite \\u00e8 la piattaforma pensata e calzata sul comparto, la pi\\u00f9 completa e performante. Permette al PCO di seguire ogni attivit\\u00e0 dalla progettazione economico finanziaria, sino alla singola attivit\\u00e0 logistica.<\\\/p>\\n\\t<\\\/div>\\n\\t\n\n<div class=\\\"uk-width-1-3@m\\\">\\n\\t\\t\n\n<ul class=\\\"uk-list uk-list-bullet uk-margin-bottom\\\">\\n\\t\\t\\t\n\n<li>Budgeting e Preventivazione<\\\/li>\\n\\t\\t\\t\n\n<li>Comunicazione<\\\/li>\\n            \n\n<li>Iscrizioni online\\\/offline<\\\/li>\\n            \n\n<li>Segreteria in evento<\\\/li>\\n\\t\\t<\\\/ul>\\n\\t<\\\/div>\\n<\\\/div>\",\"content_column_breakpoint\":\"m\",\"content_margin\":\"medium\",\"icon_width\":80,\"image_align\":\"top\",\"image_grid_breakpoint\":\"m\",\"image_grid_width\":\"1-2\",\"image_svg_color\":\"emphasis\",\"link\":\"https:\\\/\\\/www.micesuite.it\",\"link_style\":\"default\",\"link_text\":\"Scopri MICE Suite\",\"margin\":\"\",\"maxwidth\":\"2xlarge\",\"maxwidth_breakpoint\":\"m\",\"meta_align\":\"below-title\",\"meta_element\":\"div\",\"meta_style\":\"text-meta\",\"panel_padding\":\"default\",\"panel_style\":\"card-default\",\"parallax_breakpoint\":\"m\",\"parallax_easing\":\"1\",\"parallax_y\":\"100,0\",\"title\":\"Dalla progettazione alla logistica di ogni evento\",\"title_align\":\"top\",\"title_element\":\"h3\",\"title_grid_breakpoint\":\"m\",\"title_grid_width\":\"1-2\",\"title_hover_style\":\"reset\"}}]}]},{\"type\":\"row\",\"props\":{\"id\":\"oceanfreight\",\"margin\":\"xlarge\",\"margin_remove_top\":false},\"children\":[{\"type\":\"column\",\"props\":{\"image_position\":\"center-center\",\"position_sticky_breakpoint\":\"m\",\"width_medium\":\"1-1\"}}]},{\"type\":\"row\",\"props\":{\"layout\":\"1-3,2-3\"},\"children\":[{\"type\":\"column\",\"props\":{\"image_position\":\"center-center\",\"position_sticky_breakpoint\":\"m\",\"width_medium\":\"1-3\"},\"children\":[{\"type\":\"headline\",\"props\":{\"animation\":\"parallax\",\"content\":\"Backup &<br \/><span class=\\\"uk-heading-divider uk-display-inline-block\\\">DR<\\\/span>\",\"css\":\"@media (min-width: 960px){\\n\\t.el-element { margin-top: 40px; }\\n}\",\"margin\":\"medium\",\"parallax_breakpoint\":\"m\",\"parallax_easing\":\"1\",\"parallax_y\":\"100,0\",\"title_element\":\"h2\",\"title_style\":\"heading-small\"}}]},{\"type\":\"column\",\"props\":{\"image_position\":\"center-center\",\"order_first\":\"m\",\"position_sticky_breakpoint\":\"m\",\"width_medium\":\"2-3\"},\"children\":[{\"type\":\"image\",\"props\":{\"image\":\"wp-content\\\/uploads\\\/2025\\\/09\\\/ChatGPT-Image-8-set-2025-10_24_14.png\",\"image_svg_color\":\"emphasis\",\"image_width\":\"780\",\"margin\":\"\",\"text_align\":\"left\",\"visibility\":\"m\"}}]}]},{\"type\":\"row\",\"children\":[{\"type\":\"column\",\"props\":{\"css\":\"@media (min-width: 960px) {\\n    .el-column { margin-top: -25%; }\\n}\",\"image_position\":\"center-center\",\"position_sticky_breakpoint\":\"m\"},\"children\":[{\"type\":\"panel\",\"props\":{\"animation\":\"parallax\",\"block_align\":\"right\",\"content\":\"\n\n<div uk-grid>\\n\\t\n\n<div class=\\\"uk-width-2-3@m\\\">\\n\\t\\t\n\n<p>Continuit\\u00e0 garantita: i tuoi dati restano al sicuro sempre, ovunque.\\nBackup immutabili, replicati e verificati: zero sorprese, solo ripartenza rapida.\\nStrategia 3-2-1-1-0, cifratura end-to-end, controlli su ripristini critici, sempre tracciati.\\nRPO e RTO definiti, testati e documentati, senza compromessi operativi.\\nMonitoraggio proattivo h24 e alert: interveniamo prima del problema, sempre.\\nDal laptop al data center, riparti in minuti, non ore.<\\\/p>\\n\\t<\\\/div>\\n\\t\n\n<div class=\\\"uk-width-1-3@m\\\">\\n\\t\\t\n\n<ul class=\\\"uk-list uk-list-bullet uk-margin-bottom\\\">\\n\\t\\t\\t\n\n<li>Veeam<\\\/li>\\n\\t\\t\\t\n\n<li>Aruba Business<\\\/li>\\n            \n\n<li>N-Able<\\\/li>\\n            \n\n<li>Soluzioni Ibride<\\\/li>\\n\\t\\t<\\\/ul>\\n\\t<\\\/div>\\n<\\\/div>\\n\\n\",\"content_column_breakpoint\":\"m\",\"content_margin\":\"medium\",\"icon_width\":80,\"image_align\":\"top\",\"image_grid_breakpoint\":\"m\",\"image_grid_width\":\"1-2\",\"image_svg_color\":\"emphasis\",\"link\":\"#\",\"link_style\":\"default\",\"link_text\":\"Scopri di pi\\u00f9\",\"margin\":\"\",\"maxwidth\":\"2xlarge\",\"maxwidth_breakpoint\":\"m\",\"meta_align\":\"below-title\",\"meta_element\":\"div\",\"meta_style\":\"text-meta\",\"panel_padding\":\"default\",\"panel_style\":\"card-default\",\"parallax_breakpoint\":\"m\",\"parallax_easing\":\"1\",\"parallax_y\":\"100,0\",\"title\":\"Offriamo sicurezza e consolidamento\",\"title_align\":\"top\",\"title_element\":\"h3\",\"title_grid_breakpoint\":\"m\",\"title_grid_width\":\"1-2\",\"title_hover_style\":\"reset\"}}]}]}]},{\"name\":\"Call to Action\",\"type\":\"section\",\"props\":{\"image_position\":\"center-center\",\"padding\":\"xlarge\",\"style\":\"primary\",\"title_breakpoint\":\"xl\",\"title_position\":\"top-left\",\"title_rotation\":\"left\",\"vertical_align\":\"\",\"width\":\"large\"},\"children\":[{\"type\":\"row\",\"props\":{\"layout\":\"1-2,1-2\"},\"children\":[{\"type\":\"column\",\"props\":{\"image_position\":\"center-center\",\"position_sticky_breakpoint\":\"m\",\"width_medium\":\"1-2\"},\"children\":[{\"type\":\"image\",\"props\":{\"image\":\"wp-content\\\/uploads\\\/products-cta.svg\",\"image_svg_color\":\"emphasis\",\"image_svg_inline\":true,\"image_width\":\"500\",\"margin\":\"\",\"text_align\":\"center\"}}]},{\"type\":\"column\",\"props\":{\"image_position\":\"center-center\",\"position_sticky_breakpoint\":\"m\",\"vertical_align\":\"middle\",\"width_medium\":\"1-2\"},\"children\":[{\"type\":\"headline\",\"props\":{\"animation\":\"parallax\",\"content\":\"Scelte tecniche fatte bene,<br \/><span class=\\\"uk-heading-divider uk-display-inline-block\\\">alla prima<\\\/span>\",\"margin\":\"medium\",\"maxwidth_breakpoint\":\"m\",\"parallax_breakpoint\":\"m\",\"parallax_easing\":\"1\",\"parallax_y\":\"50,0\",\"text_align\":\"left\",\"text_align_breakpoint\":\"m\",\"text_align_fallback\":\"center\",\"title_element\":\"h2\",\"title_style\":\"heading-medium\"}},{\"type\":\"text\",\"props\":{\"animation\":\"parallax\",\"column_breakpoint\":\"m\",\"content\":\"Analisi, selezione prodotti e roadmap con risultati misurabili. Siamo qui per te e per affrontare insieme il tuo progetto.\",\"margin\":\"\",\"maxwidth\":\"large\",\"maxwidth_breakpoint\":\"m\",\"parallax_breakpoint\":\"m\",\"parallax_easing\":\"1\",\"parallax_y\":\"50,0\",\"text_align\":\"left\",\"text_align_breakpoint\":\"m\",\"text_align_fallback\":\"center\"}},{\"type\":\"button\",\"props\":{\"animation\":\"parallax\",\"grid_column_gap\":\"small\",\"grid_row_gap\":\"small\",\"margin\":\"medium\",\"parallax_breakpoint\":\"m\",\"parallax_easing\":\"1\",\"parallax_y\":\"50,0\",\"text_align\":\"left\",\"text_align_breakpoint\":\"m\",\"text_align_fallback\":\"center\"},\"children\":[{\"type\":\"button_item\",\"props\":{\"button_style\":\"default\",\"content\":\"Richiedi una consulenza\",\"dialog_layout\":\"modal\",\"dialog_offcanvas_flip\":true,\"icon_align\":\"left\",\"link\":\"mailto:commerciale@mepinformatica.it\"}},{\"type\":\"button_item\",\"props\":{\"button_style\":\"link-text\",\"content\":\"+39 010 5960 227\",\"dialog_layout\":\"modal\",\"dialog_offcanvas_flip\":true,\"icon_align\":\"left\",\"link\":\"tel:+390105960277\"}}]}]}]}]}],\"version\":\"4.5.25\"} --><\/p>\n","protected":false},"excerpt":{"rendered":"<p>Prodotti Settore MICE Dalla progettazione alla logistica di ogni evento MICE Suite \u00e8 la piattaforma pensata e calzata sul comparto, la pi\u00f9 completa e performante. Permette al PCO di seguire ogni attivit\u00e0 dalla progettazione economico finanziaria, sino alla singola attivit\u00e0 logistica. Budgeting e Preventivazione Comunicazione Iscrizioni online\/offline Segreteria in evento Scopri MICE Suite Backup &#038;DR [&hellip;]<\/p>\n","protected":false},"author":3,"featured_media":0,"parent":0,"menu_order":0,"comment_status":"closed","ping_status":"closed","template":"","meta":{"footnotes":""},"class_list":["post-11","page","type-page","status-publish","hentry"],"_links":{"self":[{"href":"https:\/\/www.mepinformatica.it\/index.php?rest_route=\/wp\/v2\/pages\/11","targetHints":{"allow":["GET"]}}],"collection":[{"href":"https:\/\/www.mepinformatica.it\/index.php?rest_route=\/wp\/v2\/pages"}],"about":[{"href":"https:\/\/www.mepinformatica.it\/index.php?rest_route=\/wp\/v2\/types\/page"}],"author":[{"embeddable":true,"href":"https:\/\/www.mepinformatica.it\/index.php?rest_route=\/wp\/v2\/users\/3"}],"replies":[{"embeddable":true,"href":"https:\/\/www.mepinformatica.it\/index.php?rest_route=%2Fwp%2Fv2%2Fcomments&post=11"}],"version-history":[{"count":5,"href":"https:\/\/www.mepinformatica.it\/index.php?rest_route=\/wp\/v2\/pages\/11\/revisions"}],"predecessor-version":[{"id":390,"href":"https:\/\/www.mepinformatica.it\/index.php?rest_route=\/wp\/v2\/pages\/11\/revisions\/390"}],"wp:attachment":[{"href":"https:\/\/www.mepinformatica.it\/index.php?rest_route=%2Fwp%2Fv2%2Fmedia&parent=11"}],"curies":[{"name":"wp","href":"https:\/\/api.w.org\/{rel}","templated":true}]}}